{"id":412,"date":"2023-10-30T13:26:48","date_gmt":"2023-10-30T11:26:48","guid":{"rendered":"https:\/\/www.primariavlahita.ro\/?page_id=412"},"modified":"2023-10-30T13:37:57","modified_gmt":"2023-10-30T11:37:57","slug":"hogyan-lehet-hasznalni-a-ghiseul-ro-feluletet","status":"publish","type":"page","link":"https:\/\/www.primariavlahita.ro\/hu\/hogyan-lehet-hasznalni-a-ghiseul-ro-feluletet\/","title":{"rendered":"Hogyan lehet haszn\u00e1lni a Ghi\u015feul.ro fel\u00fcletet?"},"content":{"rendered":"\n<h3 class=\"wp-block-heading\"><strong><em>Mi a&nbsp;<u>Ghi\u015feul.ro?<\/u><\/em><\/strong><\/h3>\n\n\n\n<p>Online fel\u00fclet, ahol&nbsp; helyi ad\u00f3kat, illet\u00e9keket, b\u00e9reket, illetve b\u00fcntet\u00e9seket lehet fizetni szem\u00e9lyi sz\u00e1mmal (CNP)<strong>&nbsp;fizikai szem\u00e9lyeknek, PFA-nak, II.-nek&nbsp;<\/strong>helyhez, helys\u00e9ghez k\u00f6tetlen\u00fcl.<\/p>\n\n\n\n<p>A jogi szem\u00e9lyek tov\u00e1bbra is online-banking m\u00f3dszerrel, utal\u00e1ssal tudnak fizetni. ( Azok ki\u00e9rtes\u00edt\u00e9se az idei ad\u00f3kr\u00f3l \u00e9s illet\u00e9kekr\u0151l megt\u00f6rt\u00e9nt postai \u00faton, de tov\u00e1bbra is lek\u00e9rhet\u0151 telefonon vagy e-mailben.)<\/p>\n\n\n\n<h3 class=\"wp-block-heading\"><strong><em>Milyen felt\u00e9telek sz\u00fcks\u00e9gesek a&nbsp;<u>Ghi\u015feul.ro<\/u>&nbsp;haszn\u00e1lat\u00e1hoz?<\/em><\/strong><\/h3>\n\n\n\n<p>* m\u0171k\u00f6d\u0151 banksz\u00e1mla + bankk\u00e1rtya (term\u00e9szetesen p\u00e9nznek kell lennie rajta);<\/p>\n\n\n\n<p>* internetel\u00e9r\u00e9s + eszk\u00f6z, amivel ez haszn\u00e1lhat\u00f3 (sz\u00e1m\u00edt\u00f3g\u00e9p, okostelefon);<\/p>\n\n\n\n<h3 class=\"wp-block-heading\"><strong><em>Hogyan lehet haszn\u00e1lni a&nbsp;&nbsp;<u>Ghi\u015feul.ro&nbsp;<\/u>fel\u00fcletet?<\/em><\/strong><\/h3>\n\n\n\n<p>H\u00e1rom opci\u00f3 lehets\u00e9ges erre:<\/p>\n\n\n\n<ol class=\"wp-block-list\">\n<li><strong>Felhaszn\u00e1l\u00f3i fi\u00f3k ig\u00e9nyl\u00e9ssel, amit szem\u00e9lyi sz\u00e1mmal (CNP) lehet megtenni<\/strong><\/li>\n<\/ol>\n\n\n\n<p><strong>El\u0151nyei:<\/strong><\/p>\n\n\n\n<p>* az adatb\u00e1zisban l\u00e1tszani fog pontosan, ad\u00f3nemenk\u00e9nt elk\u00fcl\u00f6n\u00edtve a fizetnival\u00f3, kedvezm\u00e9nnyel, hat\u00e1rid\u0151kkel \u00e9s minden sz\u00fcks\u00e9ges inform\u00e1zi\u00f3val.(Ezek kifizet\u00e9se olyan lesz \u00edgy, mint az online v\u00e1s\u00e1rl\u00e1s bankk\u00e1rty\u00e1val);<\/p>\n\n\n\n<p>* ha egyszer regisztr\u00e1ltunk, minden \u00e9vben rendelkez\u00e9s\u00fcnkre \u00e1ll a fel\u00fclet a kifizet\u00e9sekhez;<\/p>\n\n\n\n<p>* minden int\u00e9zm\u00e9ny \u00e1ltal meg\u00e1llap\u00edtott fizetnival\u00f3 l\u00e1tszani fog ( p\u00e9nz\u00fcgyi tartoz\u00e1sok, helyi ad\u00f3k \u00e9s illet\u00e9kek, b\u00e9rek, b\u00fcntet\u00e9sek stb. ).<\/p>\n\n\n\n<ol class=\"wp-block-list\" start=\"2\">\n<li><strong>B\u00fcntet\u00e9sek kifizet\u00e9se bejelentkez\u00e9s n\u00e9lk\u00fcl<\/strong><\/li>\n<\/ol>\n\n\n\n<p><strong>El\u0151nye:<\/strong><\/p>\n\n\n\n<p>*gyorsan ki lehet fizetni a b\u00fcntet\u00e9seket, an\u00e9lk\u00fcl, hogy a felhaszn\u00e1l\u00f3i fi\u00f3kot ig\u00e9nyelni kellene, amennyiben minden sz\u00fcks\u00e9ges inform\u00e1ci\u00f3 k\u00e9zn\u00e9l van ( jegyz\u0151k\u00f6nyv, szem\u00e9lyi adatok).<\/p>\n\n\n\n<p><strong>H\u00e1tr\u00e1nya:<\/strong><\/p>\n\n\n\n<p>*csak kimondottan az aktu\u00e1lis b\u00fcntet\u00e9st lehet kifizetni, semmi m\u00e1s kifizet\u00e9s\u00e9re nem alkalmas.<\/p>\n\n\n\n<ol class=\"wp-block-list\" start=\"3\">\n<li><strong>Bejelentkez\u00e9s n\u00e9lk\u00fcli ad\u00f3fizet\u00e9s<\/strong><\/li>\n<\/ol>\n\n\n\n<p><strong>El\u0151nye:<\/strong><\/p>\n\n\n\n<p>* gyorsan ki lehet fizetni az ad\u00f3t, felhaszn\u00e1l\u00f3i fi\u00f3k ig\u00e9nyl\u00e9se n\u00e9lk\u00fcl;<\/p>\n\n\n\n<p>* m\u00e1snak is tudunk \u00edgy fizetni, akinek nincs m\u0171k\u00f6d\u0151 banksz\u00e1ml\u00e1ja, amennyiben rendelkez\u00e9s\u00fcnkre bocs\u00e1tja a szem\u00e9lyi sz\u00e1m\u00e1t \u00e9s minden ehhez sz\u00fcks\u00e9ges inform\u00e1ci\u00f3t.<\/p>\n\n\n\n<p><strong>H\u00e1tr\u00e1nya:<\/strong><\/p>\n\n\n\n<p>* csak abban az esetben haszn\u00e1lhat\u00f3, ha pontosan tudjuk ad\u00f3nemenk\u00e9nt a fizetnival\u00f3kat (a fizet\u00e9st megel\u0151z\u0151en le kell k\u00e9rni telefonon, emailben a polg\u00e1rmesteri hivatalt\u00f3l a sz\u00fcks\u00e9ges inform\u00e1ci\u00f3kat a fizetnival\u00f3kkal kapcsolatosan);<\/p>\n\n\n\n<p>* ad\u00f3nemenk\u00e9nt v\u00e9gig kell csin\u00e1lni a l\u00e9p\u00e9seket \u00fajra \u00e9s \u00fajra (pl. ha h\u00e1rom f\u00e9le ad\u00f3t kell kifizetni, h\u00e1romszor kell v\u00e9gigcsin\u00e1lni minden l\u00e9p\u00e9st).<\/p>\n\n\n\n<p>A 2020.-as foly\u00f3 \u00e9vi helyi ad\u00f3k \u00e9s illet\u00e9kek kedvezm\u00e9nyes kifizet\u00e9s\u00e9nek hat\u00e1rideje m\u00e1rcius 31-r\u0151l j\u00fanius 30-ra hosszabb\u00edt\u00f3dott.&nbsp;<\/p>\n\n\n\n<p>Oktat\u00f3vide\u00f3k befizet\u00e9shez:<\/p>\n\n\n\n<p>Regisztr\u00e1ci\u00f3s \u00fatmutat\u00f3:&nbsp;<a href=\"https:\/\/www.youtube.com\/watch?v=euD9SNdVGlk\">https:\/\/www.youtube.com\/watch?v=euD9SNdVGlk<\/a><\/p>\n\n\n\n<p>K\u00f6zleked\u00e9si b\u00edrs\u00e1g befizet\u00e9se:&nbsp;<a href=\"https:\/\/www.youtube.com\/watch?v=sVQpO-EFfDM\">https:\/\/www.youtube.com\/watch?v=sVQpO-EFfDM<\/a><\/p>\n\n\n\n<p>Amennyiben tov\u00e1bbi k\u00e9rd\u00e9s mer\u00fclne fel, forduljanak bizalommal a Polg\u00e1rmesteri Hivatalhoz az al\u00e1bbi telefonsz\u00e1mokon de. 7:30 \u2013 du. 15:30 k\u00f6z\u00f6tt:<\/p>\n\n\n\n<p>Ad\u00f3hivatal<\/p>\n\n\n\n<p><a href=\"mailto:impozit@primariavlahita.ro\">impozit@primariavlahita.ro<\/a><\/p>\n\n\n\n<p><a href=\"tel:+40742881433\">+40 742 881 433<\/a><\/p>\n","protected":false},"excerpt":{"rendered":"<p>Mi a&nbsp;Ghi\u015feul.ro? Online fel\u00fclet, ahol&nbsp; helyi ad\u00f3kat, illet\u00e9keket, b\u00e9reket, illetve b\u00fcntet\u00e9seket lehet fizetni szem\u00e9lyi sz\u00e1mmal (CNP)&nbsp;fizikai szem\u00e9lyeknek, PFA-nak, II.-nek&nbsp;helyhez, helys\u00e9ghez k\u00f6tetlen\u00fcl. A jogi szem\u00e9lyek tov\u00e1bbra is<span class=\"excerpt-hellip\"> [\u2026]<\/span><\/p>\n","protected":false},"author":1,"featured_media":0,"parent":0,"menu_order":0,"comment_status":"closed","ping_status":"closed","template":"","meta":{"footnotes":""},"class_list":["post-412","page","type-page","status-publish","hentry"],"_links":{"self":[{"href":"https:\/\/www.primariavlahita.ro\/hu\/wp-json\/wp\/v2\/pages\/412","targetHints":{"allow":["GET"]}}],"collection":[{"href":"https:\/\/www.primariavlahita.ro\/hu\/wp-json\/wp\/v2\/pages"}],"about":[{"href":"https:\/\/www.primariavlahita.ro\/hu\/wp-json\/wp\/v2\/types\/page"}],"author":[{"embeddable":true,"href":"https:\/\/www.primariavlahita.ro\/hu\/wp-json\/wp\/v2\/users\/1"}],"replies":[{"embeddable":true,"href":"https:\/\/www.primariavlahita.ro\/hu\/wp-json\/wp\/v2\/comments?post=412"}],"version-history":[{"count":5,"href":"https:\/\/www.primariavlahita.ro\/hu\/wp-json\/wp\/v2\/pages\/412\/revisions"}],"predecessor-version":[{"id":421,"href":"https:\/\/www.primariavlahita.ro\/hu\/wp-json\/wp\/v2\/pages\/412\/revisions\/421"}],"wp:attachment":[{"href":"https:\/\/www.primariavlahita.ro\/hu\/wp-json\/wp\/v2\/media?parent=412"}],"curies":[{"name":"wp","href":"https:\/\/api.w.org\/{rel}","templated":true}]}}