{"id":574,"date":"2023-11-09T17:41:14","date_gmt":"2023-11-09T15:41:14","guid":{"rendered":"https:\/\/www.primariavlahita.ro\/?page_id=574"},"modified":"2024-04-25T12:01:21","modified_gmt":"2024-04-25T09:01:21","slug":"kozerdeku-adatok-jegyzeke","status":"publish","type":"page","link":"https:\/\/www.primariavlahita.ro\/hu\/kozerdeku-informaciok\/kozerdeku-adatok-jegyzeke\/","title":{"rendered":"K\u00f6z\u00e9rdek\u0171 adatok jegyz\u00e9ke"},"content":{"rendered":"","protected":false},"excerpt":{"rendered":"","protected":false},"author":1,"featured_media":0,"parent":572,"menu_order":0,"comment_status":"closed","ping_status":"closed","template":"","meta":{"footnotes":""},"class_list":["post-574","page","type-page","status-publish","hentry"],"_links":{"self":[{"href":"https:\/\/www.primariavlahita.ro\/hu\/wp-json\/wp\/v2\/pages\/574","targetHints":{"allow":["GET"]}}],"collection":[{"href":"https:\/\/www.primariavlahita.ro\/hu\/wp-json\/wp\/v2\/pages"}],"about":[{"href":"https:\/\/www.primariavlahita.ro\/hu\/wp-json\/wp\/v2\/types\/page"}],"author":[{"embeddable":true,"href":"https:\/\/www.primariavlahita.ro\/hu\/wp-json\/wp\/v2\/users\/1"}],"replies":[{"embeddable":true,"href":"https:\/\/www.primariavlahita.ro\/hu\/wp-json\/wp\/v2\/comments?post=574"}],"version-history":[{"count":3,"href":"https:\/\/www.primariavlahita.ro\/hu\/wp-json\/wp\/v2\/pages\/574\/revisions"}],"predecessor-version":[{"id":1420,"href":"https:\/\/www.primariavlahita.ro\/hu\/wp-json\/wp\/v2\/pages\/574\/revisions\/1420"}],"up":[{"embeddable":true,"href":"https:\/\/www.primariavlahita.ro\/hu\/wp-json\/wp\/v2\/pages\/572"}],"wp:attachment":[{"href":"https:\/\/www.primariavlahita.ro\/hu\/wp-json\/wp\/v2\/media?parent=574"}],"curies":[{"name":"wp","href":"https:\/\/api.w.org\/{rel}","templated":true}]}}