{"id":576,"date":"2023-11-09T17:41:51","date_gmt":"2023-11-09T15:41:51","guid":{"rendered":"https:\/\/www.primariavlahita.ro\/?page_id=576"},"modified":"2025-08-11T14:04:26","modified_gmt":"2025-08-11T11:04:26","slug":"koltsegvetes","status":"publish","type":"page","link":"https:\/\/www.primariavlahita.ro\/hu\/kozerdeku-informaciok\/koltsegvetes\/","title":{"rendered":"K\u00f6lts\u00e9gvet\u00e9s"},"content":{"rendered":"","protected":false},"excerpt":{"rendered":"","protected":false},"author":1,"featured_media":0,"parent":572,"menu_order":0,"comment_status":"closed","ping_status":"closed","template":"","meta":{"footnotes":""},"class_list":["post-576","page","type-page","status-publish","hentry"],"_links":{"self":[{"href":"https:\/\/www.primariavlahita.ro\/hu\/wp-json\/wp\/v2\/pages\/576","targetHints":{"allow":["GET"]}}],"collection":[{"href":"https:\/\/www.primariavlahita.ro\/hu\/wp-json\/wp\/v2\/pages"}],"about":[{"href":"https:\/\/www.primariavlahita.ro\/hu\/wp-json\/wp\/v2\/types\/page"}],"author":[{"embeddable":true,"href":"https:\/\/www.primariavlahita.ro\/hu\/wp-json\/wp\/v2\/users\/1"}],"replies":[{"embeddable":true,"href":"https:\/\/www.primariavlahita.ro\/hu\/wp-json\/wp\/v2\/comments?post=576"}],"version-history":[{"count":1,"href":"https:\/\/www.primariavlahita.ro\/hu\/wp-json\/wp\/v2\/pages\/576\/revisions"}],"predecessor-version":[{"id":577,"href":"https:\/\/www.primariavlahita.ro\/hu\/wp-json\/wp\/v2\/pages\/576\/revisions\/577"}],"up":[{"embeddable":true,"href":"https:\/\/www.primariavlahita.ro\/hu\/wp-json\/wp\/v2\/pages\/572"}],"wp:attachment":[{"href":"https:\/\/www.primariavlahita.ro\/hu\/wp-json\/wp\/v2\/media?parent=576"}],"curies":[{"name":"wp","href":"https:\/\/api.w.org\/{rel}","templated":true}]}}