{"id":686,"date":"2023-11-10T12:44:48","date_gmt":"2023-11-10T10:44:48","guid":{"rendered":"https:\/\/www.primariavlahita.ro\/?page_id=686"},"modified":"2024-04-18T19:01:32","modified_gmt":"2024-04-18T16:01:32","slug":"szentegyhaza-varosi-konyvtar","status":"publish","type":"page","link":"https:\/\/www.primariavlahita.ro\/hu\/intezmenyek\/szentegyhaza-varosi-konyvtar\/","title":{"rendered":"Szentegyh\u00e1za V\u00e1rosi K\u00f6nyvt\u00e1r"},"content":{"rendered":"","protected":false},"excerpt":{"rendered":"","protected":false},"author":1,"featured_media":682,"parent":684,"menu_order":0,"comment_status":"closed","ping_status":"closed","template":"","meta":{"footnotes":""},"class_list":["post-686","page","type-page","status-publish","has-post-thumbnail","hentry"],"_links":{"self":[{"href":"https:\/\/www.primariavlahita.ro\/hu\/wp-json\/wp\/v2\/pages\/686","targetHints":{"allow":["GET"]}}],"collection":[{"href":"https:\/\/www.primariavlahita.ro\/hu\/wp-json\/wp\/v2\/pages"}],"about":[{"href":"https:\/\/www.primariavlahita.ro\/hu\/wp-json\/wp\/v2\/types\/page"}],"author":[{"embeddable":true,"href":"https:\/\/www.primariavlahita.ro\/hu\/wp-json\/wp\/v2\/users\/1"}],"replies":[{"embeddable":true,"href":"https:\/\/www.primariavlahita.ro\/hu\/wp-json\/wp\/v2\/comments?post=686"}],"version-history":[{"count":2,"href":"https:\/\/www.primariavlahita.ro\/hu\/wp-json\/wp\/v2\/pages\/686\/revisions"}],"predecessor-version":[{"id":688,"href":"https:\/\/www.primariavlahita.ro\/hu\/wp-json\/wp\/v2\/pages\/686\/revisions\/688"}],"up":[{"embeddable":true,"href":"https:\/\/www.primariavlahita.ro\/hu\/wp-json\/wp\/v2\/pages\/684"}],"wp:featuredmedia":[{"embeddable":true,"href":"https:\/\/www.primariavlahita.ro\/hu\/wp-json\/wp\/v2\/media\/682"}],"wp:attachment":[{"href":"https:\/\/www.primariavlahita.ro\/hu\/wp-json\/wp\/v2\/media?parent=686"}],"curies":[{"name":"wp","href":"https:\/\/api.w.org\/{rel}","templated":true}]}}