{"id":75,"date":"2022-08-12T14:39:34","date_gmt":"2022-08-12T14:39:34","guid":{"rendered":"https:\/\/www.primariavlahita.ro\/?page_id=75"},"modified":"2024-04-25T11:23:20","modified_gmt":"2024-04-25T08:23:20","slug":"a-varos","status":"publish","type":"page","link":"https:\/\/www.primariavlahita.ro\/hu\/a-varos\/","title":{"rendered":"A v\u00e1ros"},"content":{"rendered":"\n<h2 class=\"wp-block-heading\">A v\u00e1ros keletkez\u00e9s\u00e9nek t\u00f6rt\u00e9nete<\/h2>\n\n\n\n<p>Szentegyh\u00e1zasfalu keletkez\u00e9s\u00e9r\u0151l \u00e9s elnevez\u00e9s\u00e9r\u0151l t\u00f6bbf\u00e9le t\u00f6rt\u00e9net sz\u00e1llt sz\u00e1jr\u00f3l sz\u00e1jra. A hagyom\u00e1ny szerint, amit Orb\u00e1n Bal\u00e1zs is lejegyzett, a falu elnevez\u00e9se egy Ol\u00e1h J\u00e1nos nev\u0171 p\u00e1sztort\u00f3l ered, akinek kunyh\u00f3ja volt a mostani falu fels\u0151 fel\u00e9ben. Akkoriban a moldvai rom\u00e1nok \u00e1lland\u00f3 gazdas\u00e1gi kapcsolatot tartottak fenn a sz\u00e9kelys\u00e9ggel, a term\u00e9keiket egym\u00e1s k\u00f6z\u00f6tt kicser\u00e9lt\u00e9k. \u00e9s ez\u00e9rt napi j\u00e1r\u00f3f\u00f6ldnyi t\u00e1vols\u00e1gra egy-egy pihen\u0151helyet \u00e9p\u00edtettek a maguk \u00e9s teherhord\u00f3 \u00e1llataik sz\u00e1m\u00e1ra. Ilyen \u00e1llom\u00e1shely volt a Hargita l\u00e1b\u00e1n\u00e1l, a Cig\u00e1nydomb k\u00f6rny\u00e9k\u00e9n Ol\u00e1h J\u00e1nos kunyh\u00f3ja. A vad\u00e1llatokra val\u00f3 tekintettel a kunyh\u00f3t meger\u0151s\u00edtett\u00e9k, falszer\u0171en k\u00f6r\u00fclvett\u00e9k k\u00f6vekkel \u00e9s feny\u0151sz\u00e1lakkal. A k\u00e9s\u0151bb idetelep\u00fclt sz\u00e9kelyek \u201cOl\u00e1h fal\u00e1nak&#8221; nevezt\u00e9k az \u00e9p\u00edtm\u00e9nyt, \u00e9s erre sz\u00e1rmaztathat\u00f3 vissza a falu elnevez\u00e9se.<\/p>\n\n\n\n<p>Orb\u00e1n Bal\u00e1zs egy m\u00e1sik t\u00f6rt\u00e9netet is le\u00edrt: \u201c<em>A hagyom\u00e1nyok szerint Ol\u00e1hfalu els\u0151 lak\u00f3ja az ol\u00e1h eredet\u0171 Fej\u00e9r M\u00e1rton volt, k\u00e9s\u0151bb h\u00e1rom m\u00e1s sz\u00e9kely telepedett oda; \u0151 ezeknek p\u00e9nzt k\u00f6lcs\u00f6n\u00f6zv\u00e9n, bead\u00f3s\u00edtotta \u00e9s zsell\u00e9reiv\u00e9 lenni er\u0151szakolta. A k\u00f6lcs\u00f6n visszafizet\u00e9s\u00e9t el nem fogadv\u00e1n, azokat dolgoztatta \u00e9s zsarolta. K\u00e9s\u0151bb azonban Elekesir\u0151l egy 4-ik, nagyon hum\u00e1nus, igazs\u00e1gszeret\u0151 ember telep\u00fclt oda, \u0151 fell\u00e9pett az elnyom\u00f3nak \u00fcgy\u00e9ben s kieszk\u00f6z\u00f6lte, hogy Fej\u00e9r a p\u00e9nzt tartozott elfogadni, s az elnyomottak ekk\u00e9nt felszabadultak.<\/em>&nbsp;&#8221; (Orb\u00e1n B.: A Sz\u00e9kelyf\u00f6ld le\u00edr\u00e1sa. I. k\u00f6tet, 75. oldal)<\/p>\n\n\n\n<p>Ennek a t\u00f6rt\u00e9netnek \u2013 egyesek szerint \u2013&nbsp; az a folytat\u00e1sa, hogy Fej\u00e9r lesz\u00e1rmazottai: Ol\u00e1h D\u00e1niel \u00e9s Ol\u00e1h Andr\u00e1s a Vargyaslok\u00e1b\u00f3l \u00e9rkezv\u00e9n, az egyik Szentegyh\u00e1zasfalu fels\u0151 r\u00e9sz\u00e9ben, a m\u00e1sik pedig K\u00e1poln\u00e1sfalu fels\u0151 r\u00e9sz\u00e9ben telepedett le.<\/p>\n\n\n\n<p>Bal\u00e1zs Ir\u00e9n K\u00e1poln\u00e1sfalut bemutat\u00f3 monogr\u00e1fi\u00e1j\u00e1ban pedig a k\u00f6vetkez\u0151 olvashat\u00f3:&nbsp;<em>\u201cA M\u00e1r\u00e9falv\u00e1t\u00f3l Cs\u00edkszered\u00e1ig vezet\u0151 hossz\u00fa \u00faton ez volt az egyetlen lakott hely, ahol az utasok biztons\u00e1gban \u00e9rezhett\u00e9k magukat. Az utasok az ol\u00e1hhoz (utasbe\u00e1ll\u00f3 kocsma) sz\u00e1llottak be. \u00e9s innen csoportokban indultak tov\u00e1bb, vagy a Cs\u00edk fel\u0151l j\u00f6v\u0151 szekerek egy\u00fctt j\u00f6ttek od\u00e1ig, hogy a Tolvajos-tet\u0151n baj n\u00e9lk\u00fcl \u00e1tjussanak, \u00edgy azt\u00e1n az ol\u00e1h kocsm\u00e1ja messze f\u00f6ld\u00f6n h\u00edres tal\u00e1lkoz\u00f3helye lett a szekereseknek.&#8221;<\/em>&nbsp;(Bal\u00e1zs L: K\u00e1poln\u00e1sfalu, Alutus, Cs\u00edkszereda. 1996. 10. oldal).<\/p>\n\n\n\n<p>A sz\u00e1jhagyom\u00e1ny szerint a telep\u00fcl\u00e9s els\u0151 lak\u00f3i els\u0151sorban Felcs\u00edkb\u00f3l \u00e9rkez\u0151 sz\u00e9kelyek voltak, akiket \u00e1rp\u00e1dh\u00e1zi kir\u00e1lyaink biztons\u00e1gi okokb\u00f3l telep\u00edtettek az Udvarhely-Cs\u00edkszereda k\u00f6zt elter\u00fcl\u0151 hatalmas erd\u0151s\u00e9gbe.<\/p>\n\n\n\n<p>Az is felt\u00e9telezhet\u0151, hogy a porty\u00e1z\u00f3 hadak t\u00e1mad\u00e1sai, a t\u00f6r\u00f6k puszt\u00edt\u00e1s, a vall\u00e1si h\u00e1bor\u00faskod\u00e1s miatt a fejl\u0151d\u00e9snek indult falu elpusztult, \u00e9s a hely\u00e9be k\u00e9s\u0151bb \u00faj j\u00f6tt l\u00e9tre. \u00c1ll\u00edt\u00f3lag Bocskai Istv\u00e1n telep\u00edtette vissza 1604-ben 3-4 \u00e9v leforg\u00e1sa alatt. F\u0151leg Cs\u00edkb\u00f3l. Gyergy\u00f3b\u00f3l, H\u00e1romsz\u00e9kr\u0151l hozott csal\u00e1dokat, els\u0151sorban Cs\u00edki \u00e9s Elekes nevezet\u0171eket. Akiket az itteni leteleped\u00e9sre els\u0151sorban a kiterjedt erd\u0151s\u00e9gek \u00e9s a p\u00e1sztorkod\u00e1sra alkalmas legel\u0151k k\u00e9sztettek.<\/p>\n\n\n\n<p>Hiteles dokumentumok hi\u00e1ny\u00e1ban t\u00f6bbf\u00e9le elk\u00e9pzel\u00e9s l\u00e9tezik a telep\u00fcl\u00e9s eredet\u00e9re \u00e9s elnevez\u00e9s\u00e9re vonatkoz\u00f3an. Egyik sem bizony\u00edthat\u00f3 a fentebb felsoroltak k\u00f6z\u00fcl. Az viszont biztos, hogy Udvarhely \u00e9s Cs\u00edk k\u00f6z\u00f6tt fontos kereskedelmi \u00e9s hadi \u00fat vezetett a kiterjedt erd\u0151s\u00e9gen \u00e1t, \u00e9s ezeken a ter\u00fcleteken az utasok testi \u00e9ps\u00e9g\u00e9t gyakran vesz\u00e9lyeztett\u00e9k a vad\u00e1llatok \u00e9s a t\u00f6rv\u00e9ny el\u0151l bujk\u00e1l\u00f3 rabl\u00f3k. Ez\u00e9rt a k\u00e9t Ol\u00e1hfalu v\u00e9delmi c\u00e9lb\u00f3l j\u00f6tt l\u00e9tre. K\u00e9s\u0151bb a lak\u00f3i azt a feladatot is megkapt\u00e1k, hogy a fut\u00e1rokat \u00e9s az \u00e1llami post\u00e1t fegyveresen k\u00eds\u00e9rj\u00e9k Cs\u00edkszered\u00e1ig. Ennek fej\u00e9ben a t\u00f6rt\u00e9nelem folyam\u00e1n sz\u00e1mos kiv\u00e1lts\u00e1gjogot nyertek mind az erd\u00e9lyi fejedelmekt\u0151l, mind pedig a magyar kir\u00e1lyokt\u00f3l.<\/p>\n\n\n\n<p>Mivel \u2013 felt\u00e9telez\u00e9sek szerint \u2013 a k\u00f6rny\u00e9k legr\u00e9gibb telep\u00fcl\u00e9se L\u00f6v\u00e9te, a k\u00e9t Ol\u00e1hfalu csak k\u00e9s\u0151bb j\u00f6tt l\u00e9tre, az \u00fajabb \u00e9s \u00fajabb lakosok a Hargita ir\u00e1ny\u00e1ba tudtak terjeszteni. S\u0171r\u0171n \u00e9p\u00edtett\u00e9k h\u00e1zaikat, hogy az uralkod\u00f3 szelek ellen n\u00e9mi v\u00e9delmet ny\u00fajtsanak. Egyes v\u00e9lem\u00e9nyek szerint az els\u0151 telep\u00fcl\u00e9s a Halas\u00e1g \u00e9s a Lok patakokat elz\u00e1r\u00f3 g\u00e1t k\u00f6rny\u00e9k\u00e9n keletkezett a falu fels\u0151 fel\u00e9ben, mivel a telepesek \u00edgy tudtak iv\u00f3v\u00edzhez \u00e9s a f\u0171r\u00e9szek meghajt\u00e1s\u00e1hoz sz\u00fcks\u00e9ges foly\u00f3v\u00edzhez jutni. A mesters\u00e9gesen l\u00e9trehozott Vargyas-csatorna ment\u00e9n \u00e9p\u00edtkeztek.<\/p>\n\n\n\n<p>Az \u00f6ssze\u00e1ll\u00edt\u00e1s az al\u00e1bbi irodalom felhaszn\u00e1l\u00e1sval k\u00e9sz\u00fclt:<\/p>\n\n\n\n<p>Dr. \u00c1br\u00e1m Zolt\u00e1n:&nbsp;<em>Szentegyh\u00e1za<\/em>, 1998<\/p>\n\n\n\n<p>Burus T\u00fcnde:&nbsp;<em>Szentegyh\u00e1za \u00e9s k\u00f6rny\u00e9ke idegenforgalmi lehet\u0151s\u00e9gei<\/em>, 2007<\/p>\n\n\n\n<hr class=\"wp-block-separator has-alpha-channel-opacity\"\/>\n\n\n\n<h2 class=\"wp-block-heading\">A v\u00e1ros neve<\/h2>\n\n\n\n<p>A telep\u00fcl\u00e9s eredeti neve\u00a0<strong><em>Ol\u00e1hfalu<\/em><\/strong>\u00a0volt, amint az 1406-os \u00e9s a XVI. sz\u00e1zadi dokumentumokban olvashat\u00f3. K\u00e9s\u0151bb a kiv\u00e1lts\u00e1glevelekben\u00a0<em>Szentegyh\u00e1zas-Ol\u00e1hfalu<\/em>\u00a0n\u00e9ven szerepelt. A <em>Szentegyh\u00e1zas<\/em>\u00a0el\u0151nevet egyes felt\u00e9telez\u00e9sek szerint az\u00e9rt kapta, mert p\u00fcsp\u00f6ki seg\u00edts\u00e9g n\u00e9lk\u00fc \u00e9p\u00edtette a le\u00e9gett templom\u00e1t, m\u00e1sok szerint viszont csak az\u00e9rt mert saj\u00e1t templommal rendelkezett. M\u00e1rpedig k\u00fcl\u00f6nbs\u00e9get kell tenni a k\u00e9t kilom\u00e9terre fekv\u0151 m\u00e1sik Ol\u00e1hfalut\u00f3l, amely csak kapoln\u00e1val rendelkezett \u00e9s \u00edgy lett\u00a0<em>K\u00e1poln\u00e1s-ol\u00e1hfalu<\/em>\u00a0vagy\u00a0<em>Kicsi-olahfalu<\/em>. Ilyen sz\u00f3\u00f6sszet\u00e9telben Szentegyh\u00e1zas-ol\u00e1hfalut\u00a0<em>Nagy-ol\u00e1hfalunak<\/em>\u00a0vagy egyszer\u0171en\u00a0<em>Nagyfalunak<\/em>\u00a0nevezt\u00e9k. A n\u00e9pnyelvi haszn\u00e1latban a lakosok ol\u00e1hfalviak vagy nagyfalusiak lettek, a k\u00f6znyelvben viszont\u00a0<em>Szentegyh\u00e1zasfalu<\/em>\u00a0volt haszn\u00e1latos.<\/p>\n\n\n\n<p>A kommunizmus idej\u00e9n egyre t\u00f6bben szorgalmazt\u00e1k a \u201eszent\u201d el\u0151n\u00e9v elker\u00fcl\u00e9s\u00e9nek az id\u0151szer\u0171s\u00e9g\u00e9t. A hivatalos szervek a k\u00f6zs\u00e9g rom\u00e1n elnevez\u00e9s\u00e9t vitt\u00e9k be a k\u00f6ztudatba \u00e9s mindenhol a \u201eVlahica\u201delnevez\u00e9st haszn\u00e1lt\u00e1k. Az elnevez\u00e9s k\u00f6r\u00fcli dilemma 1968 k\u00f6r\u00fcl old\u00f3dott meg, amikor megalakult Vlahica v\u00e1rosa, alpj\u00e1ban v\u00e9ve&nbsp;<em>Szentegyh\u00e1zasfalu&nbsp;<\/em>\u00e9s<em>&nbsp;Szentkeresztb\u00e1nya<\/em>&nbsp;egyes\u00fcl\u00e9s\u00e9b\u0151l.<\/p>\n\n\n\n<p>Az 1989-es v\u00e1ltoz\u00e1sokat k\u00f6vet\u0151en a kisv\u00e1ros&nbsp;<strong><em>Szentegyh\u00e1za<\/em><\/strong>&nbsp;nevet vette fel. A helybeliek a k\u00f6zhaszn\u00e1latban csak \u201efalur\u00f3l\u201d \u00e9s \u201ev\u00e1rosr\u00f3l\u201d besz\u00e9lnek.<\/p>\n\n\n\n<p>Az \u00f6ssze\u00e1ll\u00edt\u00e1s az al\u00e1bbi irodalom felhaszn\u00e1l\u00e1sval k\u00e9sz\u00fclt:<\/p>\n\n\n\n<p>Dr. \u00c1br\u00e1m Zolt\u00e1n:&nbsp;<em>Szentegyh\u00e1za<\/em>, 1998<\/p>\n\n\n\n<p>Burus T\u00fcnde:&nbsp;<em>Szentegyh\u00e1za \u00e9s k\u00f6rny\u00e9ke idegenforgalmi lehet\u0151s\u00e9gei<\/em>, 2007<\/p>\n\n\n\n<hr class=\"wp-block-separator has-alpha-channel-opacity\"\/>\n\n\n\n<h2 class=\"wp-block-heading\">F\u00f6ldrajzi elhelyezked\u00e9s<\/h2>\n\n\n\n<p>Szentegyh\u00e1za a Hargita-hegys\u00e9g k\u00f6zponti vonulat\u00e1nak a d\u00e9li l\u00e1b\u00e1n\u00e1l, 859 m\u00e9teres tengerszint feletti \u00e1tlagos magass\u00e1gon fekszik. E hegyvid\u00e9ki telep\u00fcl\u00e9s Hargita megye legmagasabban \u00e9p\u00fclt v\u00e1rosa. A Hargita d\u00e9li l\u00e1b\u00e1t\u00f3l t\u00f6bb mint 7 km hossz\u00fas\u00e1gban \u201cS\u201d alakban ter\u00fcl el.<\/p>\n\n\n\n<p>&nbsp;A telep\u00fcl\u00e9s a Cs\u00edkszered\u00e1t \u00e9s Sz\u00e9kelyudvarhelyt \u00f6sszek\u00f6t\u0151 m\u0171\u00fat ment\u00e9n fekszik: a megyesz\u00e9khelyt\u0151l, Cs\u00edkszered\u00e1t\u00f3l 28 km-re, Sz\u00e9kelyudvarhelyt\u0151l 24 km-re. \u00c9szaknyugaton K\u00e1poln\u00e1sfaluval, d\u00e9len \u00e9s d\u00e9lnyugaton L\u00f6v\u00e9te k\u00f6zs\u00e9ggel hat\u00e1ros, m\u00edg \u00e9szakkeleten Mad\u00e9falva, keleten pedig Cs\u00edkszereda k\u00f6zvetlen szomsz\u00e9ds\u00e1g\u00e1ban helyezkedik el. A v\u00e1roson folyik kereszt\u00fcl mintegy hat kilom\u00e9teres szakaszon a Kis &#8211; Homor\u00f3dot (n\u00e9pies neve: Csonka- vagy R\u00e1kos-Homor\u00f3d) \u00e9s a Vargyas-patakot \u00f6sszek\u00f6t\u0151 \u00fagynevezett Vargyas-csatorna.<\/p>\n\n\n\n<p>A telep\u00fcl\u00e9s k\u00f6zigazgat\u00e1silag Hargita megye r\u00e9sze. Belter\u00fclete 241 hekt\u00e1r, \u00f6sszter\u00fclete 9000 ha, azaz t\u00f6bb mint&nbsp; 90 km2. Hozz\u00e1tartozik k\u00e9t telep\u00fcl\u00e9s: Homor\u00f3df\u00fcrd\u0151 \u00e9s L\u00f6v\u00e9teb\u00e1nya. Az 1953-as k\u00f6zigazgat\u00e1si t\u00f6rv\u00e9ny alapj\u00e1n Szentegyh\u00e1zasfalu (rom\u00e1nul Vl\u0103hi\u021ba) k\u00f6zs\u00e9ghez csatolt\u00e1k Szentkeresztb\u00e1ny\u00e1t (Vl\u0103hi\u021ba Nou\u0103), amely azel\u0151tt L\u00f6v\u00e9t\u00e9hez tartozott. Az egy k\u00f6zs\u00e9gg\u00e9 val\u00f3 ny\u00edlv\u00e1n\u00edt\u00e1s term\u00e9szetszer\u0171 volt, mivel a k\u00e9t telep\u00fcl\u00e9s rohamosan \u201ak\u00f6zeledett\u2019 egym\u00e1shoz, majd nemsok\u00e1ra \u00f6sszen\u0151ttek.<\/p>\n\n\n\n<p>1968-ban egy minisztertan\u00e1csi hat\u00e1rozattal, v\u00e1rosi rangra emelkedett a k\u00f6zs\u00e9g, hivatalosan idecsatolt\u00e1k Homor\u00f3df\u00fcrd\u0151t \u00e9s L\u00f6v\u00e9teb\u00e1ny\u00e1t. Szentegyh\u00e1za Homor\u00f3d mente egyetlen v\u00e1rosa, volt koh\u00e1szati k\u00f6zpont, amely 1968 \u00f3ta a t\u00e9rs\u00e9g vonz\u00e1sk\u00f6rzet k\u00f6zpontja. Ma jelent\u0151s\u00e9g\u00e9t k\u00f6zleked\u00e9si fekv\u00e9se (a Homor\u00f3d mente kapuja, Cs\u00edkszereda, Marosv\u00e1s\u00e1rhely, Moldva ir\u00e1nyb\u00f3l) \u00e9s kiterjedt erd\u0151birtokai, legel\u0151i hangs\u00falyozz\u00e1k.<\/p>\n\n\n\n<h2 class=\"wp-block-heading\">\u00c9ghajlat<\/h2>\n\n\n\n<p>A helys\u00e9g \u00e9ghajlata f\u00f6ldrajzi fekv\u00e9se k\u00f6vetkezt\u00e9ben hegyvid\u00e9ki \u00e9ghajlat, azaz a szok\u00e1sosn\u00e1l j\u00f3val zordabb. Ezt fejezi ki a n\u00e9p \u00e1ltal meg\u0151rz\u00f6tt sz\u00f3l\u00e1s, miszerint &#8222;kilenc h\u00f3nap mindig hideg, a m\u00e1sik h\u00e1rom sem meleg&#8221;. T\u00f6bb\u00e9vi m\u00e9r\u00e9si eredm\u00e9nyek alapj\u00e1n az \u00e9vi \u00e1tlagos h\u0151m\u00e9rs\u00e9klet 4-6\u00b0C, \u00e9s a ny\u00e1r k\u00f6zepes h\u0151m\u00e9rs\u00e9klete sem haladta meg a 12\u00b0C-ot. Az ut\u00f3bbi \u00e9vek kisz\u00e1m\u00edthatatlan id\u0151j\u00e1r\u00e1sa r\u00e1c\u00e1folt a megfigyel\u00e9sekre.<\/p>\n\n\n\n<p>A t\u00e9l hossz\u00fa \u00e9s hideg. Nem ritka eset, hogy m\u00e1r okt\u00f3berben megjelenik a h\u00f3, \u00e9s csak m\u00e1rciusban megy el. A janu\u00e1ri k\u00f6zepes h\u0151m\u00e9rs\u00e9klet -10\u00b0C. A vid\u00e9kre jellemz\u0151, hogy r\u00f6vid az \u00e1tmenet az egyes \u00e9vszakok k\u00f6z\u00f6tt.<\/p>\n\n\n\n<p>A magaslati hideg leveg\u0151t a szinte \u00e1lland\u00f3an f\u00faj\u00f3 h\u0171v\u00f6s sz\u00e9l teszi m\u00e9g kellemetlenebb\u00e9. Az \u00e9szakkeleti sz\u00e9l sz\u00e1razs\u00e1got, t\u00e9len nagy fagyokat okoz. A d\u00e9lnyugati sz\u00e9l enyh\u00e9bb \u00e9s csapad\u00e9kban gazdagabb. Igen gyakoriak a h\u00f3f\u00fav\u00e1sokat el\u0151id\u00e9z\u0151 t\u00e9li viharok, valamint a n\u00e9ha nagy k\u00e1rokat okoz\u00f3 ny\u00e1ri zivatarok, j\u00e9ges\u0151k. Szentegyh\u00e1za csapad\u00e9kban gazdag ter\u00fcleten fekszik. Az \u00e9vi \u00e1tlagos csapad\u00e9k mennyis\u00e9g 1000-1200 mm.<\/p>\n\n\n\n<p>A fenti \u00e9ghajlati t\u00e9nyez\u0151ket figyelembe v\u00e9ve meg\u00e1llap\u00edthatjuk, hogy Szentegyh\u00e1za k\u00f6rny\u00e9k\u00e9nek az \u00e9ghajlat\u00e1t a hossz\u00fa \u00e9s hideg t\u00e9l, r\u00f6vid tavasz, sz\u00e1raz \u00e9s hossz\u00fa ny\u00e1r, r\u00f6vid \u0151sz jellemzi.<\/p>\n\n\n\n<p>Az \u00f6ssze\u00e1ll\u00edt\u00e1s az al\u00e1bbi irodalom felhaszn\u00e1l\u00e1sval k\u00e9sz\u00fclt:<\/p>\n\n\n\n<p>Dr. \u00c1br\u00e1m Zolt\u00e1n:&nbsp;<em>Szentegyh\u00e1za<\/em>, 1998<\/p>\n\n\n\n<p>Burus T\u00fcnde:&nbsp;<em>Szentegyh\u00e1za \u00e9s k\u00f6rny\u00e9ke idegenforgalmi lehet\u0151s\u00e9gei<\/em>, 2007<\/p>\n\n\n\n<hr class=\"wp-block-separator has-alpha-channel-opacity\"\/>\n\n\n\n<p>\u201e<em>Nincsen tal\u00e1n b\u00e9rces kis haz\u00e1nkban v\u00e1ratlanul meglep\u0151bb s elragad\u00f3an nagyszer\u0171bb l\u00e1tv\u00e1ny, mint az, amely a Czekend tetej\u00e9r\u0151l felt\u00e1rul. Ott van egy sz\u00e9p fenyves erd\u0151kkel tark\u00e1zott nagy kiterjed\u00e9s\u0171, sz\u00ednezetben oly p\u00e1ratlanul sz\u00e9p fenns\u00edk, az \u00fagynevezett L\u00e1z, melynek hull\u00e1mzatos alapj\u00e1ba a Hargit\u00e1r\u00f3l lerohan\u00f3 k\u00e9t Homor\u00f3d&nbsp; \u00e9s Vargyas patakok fenyves szeg\u00e9lyezte v\u00f6lgy\u00fcletei m\u00e9ly\u00fclnek bele. Ott van a fennlap\u00e1ly t\u00falfel\u00e9n a k\u00e9t Ol\u00e1hfalu, messze a havas k\u00f6z\u00e9 felny\u00fal\u00f3 h\u00e1zcsoportjaival, f\u00e9nyl\u0151 ragyog\u00f3 tornyaival, sz\u00e9tsz\u00f3rt f\u0171r\u00e9sz malmaival (&#8230;)<\/em>\u201d. Orb\u00e1n Bal\u00e1zs<\/p>\n","protected":false},"excerpt":{"rendered":"<p>A v\u00e1ros keletkez\u00e9s\u00e9nek t\u00f6rt\u00e9nete Szentegyh\u00e1zasfalu keletkez\u00e9s\u00e9r\u0151l \u00e9s elnevez\u00e9s\u00e9r\u0151l t\u00f6bbf\u00e9le t\u00f6rt\u00e9net sz\u00e1llt sz\u00e1jr\u00f3l sz\u00e1jra. A hagyom\u00e1ny szerint, amit Orb\u00e1n Bal\u00e1zs is lejegyzett, a falu elnevez\u00e9se egy Ol\u00e1h<span class=\"excerpt-hellip\"> [\u2026]<\/span><\/p>\n","protected":false},"author":1,"featured_media":0,"parent":0,"menu_order":0,"comment_status":"open","ping_status":"closed","template":"","meta":{"footnotes":""},"class_list":["post-75","page","type-page","status-publish","hentry"],"_links":{"self":[{"href":"https:\/\/www.primariavlahita.ro\/hu\/wp-json\/wp\/v2\/pages\/75","targetHints":{"allow":["GET"]}}],"collection":[{"href":"https:\/\/www.primariavlahita.ro\/hu\/wp-json\/wp\/v2\/pages"}],"about":[{"href":"https:\/\/www.primariavlahita.ro\/hu\/wp-json\/wp\/v2\/types\/page"}],"author":[{"embeddable":true,"href":"https:\/\/www.primariavlahita.ro\/hu\/wp-json\/wp\/v2\/users\/1"}],"replies":[{"embeddable":true,"href":"https:\/\/www.primariavlahita.ro\/hu\/wp-json\/wp\/v2\/comments?post=75"}],"version-history":[{"count":3,"href":"https:\/\/www.primariavlahita.ro\/hu\/wp-json\/wp\/v2\/pages\/75\/revisions"}],"predecessor-version":[{"id":785,"href":"https:\/\/www.primariavlahita.ro\/hu\/wp-json\/wp\/v2\/pages\/75\/revisions\/785"}],"wp:attachment":[{"href":"https:\/\/www.primariavlahita.ro\/hu\/wp-json\/wp\/v2\/media?parent=75"}],"curies":[{"name":"wp","href":"https:\/\/api.w.org\/{rel}","templated":true}]}}