{"id":1015,"date":"2023-11-09T17:42:45","date_gmt":"2023-11-09T15:42:45","guid":{"rendered":"https:\/\/www.primariavlahita.ro\/informatii-publice\/helyi-adok-es-illetekek\/"},"modified":"2024-04-25T12:08:02","modified_gmt":"2024-04-25T09:08:02","slug":"impozitele-si-taxe-locale","status":"publish","type":"page","link":"https:\/\/www.primariavlahita.ro\/ro\/informatii-publice\/impozitele-si-taxe-locale\/","title":{"rendered":"Impozitele \u0219i taxe locale"},"content":{"rendered":"\n<h2 class=\"wp-block-heading\">TAXE \u015eI IMPOZITE 2021<\/h2>\n\n\n\n<p>Taxele \u015fi impozitele locale pentru anul 2021 au fost aprobate prin Hot\u0103r\u00e2rea Consiliului Local 102\/2020 sunt urm\u0103toarele:<\/p>\n\n\n\n<ul class=\"wp-block-list\">\n<li>a.) impozitul\/taxa pe cl\u0103diri<\/li>\n\n\n\n<li>b.) impozitul\/taxa pe teren<\/li>\n\n\n\n<li>c.) impozitul pe mijloace de tarnsport<\/li>\n\n\n\n<li>d.) tax\u0103 pentru eliberarea certificatelor, avizelor \u015fi autoriza\u0163iilor<\/li>\n\n\n\n<li>e.) tax\u0103 pentru folosirea mijloacelor de reclam\u0103 \u015fi publicitate<\/li>\n\n\n\n<li>f.) impozitul pe spectacole<\/li>\n\n\n\n<li>g.) impozitul pentru alimenta\u0163ie public\u0103<\/li>\n\n\n\n<li>h.) taxele speciale<\/li>\n\n\n\n<li>i.) alte taxe locale,\u00a0<strong>valoarea certificatului fiscal este de 5 lei \/ certificat<\/strong><\/li>\n\n\n\n<li>j.) taxe judiciare de timbru<\/li>\n<\/ul>\n\n\n\n<p>Termene de plat\u0103:<br><strong>&#8211; pentru semestrul I este : 31 martie<\/strong><br><strong>&#8211; pentru semestrul II este: 30 septembrie<\/strong><\/p>\n\n\n\n<p>Pentru neplata la termen a impozitelor \u015fi taxelor locale se percep major\u0103ri de \u00eent\u00e2rziere de 1% pe fiecare lun\u0103 sau frac\u0163iune de lun\u0103<\/p>\n\n\n\n<h3 class=\"wp-block-heading\">SCUTIRI \u015eI FACILIT\u0102\u0162I 2021<\/h3>\n\n\n\n<ul class=\"wp-block-list\">\n<li>pentru plata cu anticipa\u0163ie a impozitului\/taxei datorate pentru \u00eentregul an de c\u0103tre contribuabil p\u00e2n\u0103 la data de 31 martie a anului respectiv, se acord\u0103 o bonifica\u0163ie pentru persoane fizice 10%, iar pentru persoane juridice 5%<\/li>\n\n\n\n<li>persoanele cu handicap grav sau accentuat \u015fi persoanele \u00eencadrate \u00een gradul I de invaliditate<\/li>\n\n\n\n<li>veteranii de r\u0103zboi, v\u0103duvele de r\u0103zboi \u015fi v\u0103duvele veteranilor de r\u0103zboi<\/li>\n\n\n\n<li>eroii-martiri \u015fi lupt\u0103tori a revolu\u0163iei din decembrie 1989<\/li>\n\n\n\n<li>alte categorii\u00a0conform legii<\/li>\n<\/ul>\n\n\n\n<h4 class=\"wp-block-heading\">Impozitul\u00a0\u015fi taxa pe terenurile amplasate \u00een intravilan \u2013 terenuri cu construc\u0163ii<\/h4>\n\n\n\n<figure class=\"wp-block-table\"><table><tbody><tr><td><strong>Zona<\/strong>&nbsp;<strong>\u00een<\/strong>&nbsp;<strong>cadrul<\/strong>&nbsp;<strong>localit\u0103\u0163ii<\/strong><\/td><td colspan=\"2\"><strong>Vl\u0103hi\u0163a, Baile Homorod, Minele Lueta<\/strong><\/td><\/tr><tr><td><strong>Anul<\/strong><\/td><td><strong>2020<\/strong><strong>lei\/ha<\/strong><\/td><td><strong>2021<\/strong><strong>lei\/ha<\/strong><\/td><\/tr><tr><td><strong>A<\/strong><\/td><td><strong>7.530<\/strong><\/td><td><strong>7.530<\/strong><\/td><\/tr><tr><td><strong>B<\/strong><\/td><td><strong>5.117<\/strong><\/td><td><strong>5.117<\/strong><\/td><\/tr><tr><td><strong>C<\/strong><\/td><td><strong>2.431<\/strong><\/td><td><strong>2.431<\/strong><\/td><\/tr><tr><td><strong>D<\/strong><\/td><td><strong>1.415<\/strong><\/td><td><strong>1.415<\/strong><\/td><\/tr><\/tbody><\/table><\/figure>\n\n\n\n<p>Vl\u0103hi\u0163a este ora\u015f de rangul III, \u00eemp\u0103r\u021bit \u00een patru zone (A, B, C \u0219i D)&nbsp;Minele lueta \u0219i Baile Homorod ca a\u0219ez\u0103ri componente sunt, de asemenea, \u00een categoria III, zonele D \u0219i C.<\/p>\n\n\n\n<h4 class=\"wp-block-heading\">Impozitul pe terenurile aplasate \u00een intravilan, \u00eenregistrate \u00een registrul agricol la alt\u0103 categorie de folosin\u0163\u0103 dec\u00e2t cea de terenuri cu construc\u0163ii<\/h4>\n\n\n\n<figure class=\"wp-block-table\"><table><tbody><tr><td>&nbsp;<\/td><td><strong>Zona<\/strong><\/td><td><strong>Zona<\/strong>&nbsp;<strong>A<\/strong><\/td><td><strong>Zona<\/strong>&nbsp;<strong>B<\/strong><\/td><td><strong>Zona<\/strong><strong>&nbsp;C<\/strong><\/td><td><strong>Zona<\/strong><strong>&nbsp;D<\/strong><\/td><\/tr><tr><td>&nbsp;<\/td><td><strong>Categoria<\/strong>&nbsp;<strong>de folosin\u0163\u0103<\/strong><\/td><td><strong>lei\/ha<\/strong><\/td><td><strong>lei\/ha<\/strong><\/td><td><strong>lei\/ha<\/strong><\/td><td><strong>lei\/ha<\/strong><\/td><\/tr><tr><td>1.<\/td><td>Teren arabil<\/td><td>99<\/td><td>75<\/td><td>69<\/td><td>54<\/td><\/tr><tr><td>2.<\/td><td>P\u0103\u015fune<\/td><td>75<\/td><td>69<\/td><td>54<\/td><td>48<\/td><\/tr><tr><td>3.<\/td><td>F\u00e2nea\u0163\u0103<\/td><td>75<\/td><td>69<\/td><td>54<\/td><td>48<\/td><\/tr><tr><td>4.<\/td><td>Vie<\/td><td>168<\/td><td>129<\/td><td>99<\/td><td>69<\/td><\/tr><tr><td>5.<\/td><td>Livad\u0103<\/td><td>192<\/td><td>174<\/td><td>129<\/td><td>99<\/td><\/tr><tr><td>6.<\/td><td>P\u0103dure sau alt teren cu vegeta\u0163ie forestier\u0103<\/td><td>99<\/td><td>75<\/td><td>69<\/td><td>54<\/td><\/tr><\/tbody><\/table><\/figure>\n\n\n\n<h4 class=\"wp-block-heading\">Impozitul pe terenurile amplasate \u00een extravilan<\/h4>\n\n\n\n<figure class=\"wp-block-table\"><table><tbody><tr><td><strong>N<\/strong><strong>r<\/strong><strong>.<\/strong>&nbsp;<strong>crt<\/strong><\/td><td><strong>CATEGORIA<\/strong>&nbsp;<strong>DE<\/strong>&nbsp;<strong>FOLOSIN\u0162\u0102<\/strong><\/td><td><strong>ZONA A<\/strong>&nbsp;<strong>(LEI\/HA)<\/strong><\/td><td><strong>ZONA B&nbsp;(LEI\/HA)<\/strong><\/td><td><strong>ZONA C&nbsp;(LEI\/HA)<\/strong><\/td><td><strong>ZONA D<\/strong>&nbsp;<strong>(LEI\/HA)<\/strong><\/td><\/tr><tr><td>1.<\/td><td>Teren de construc\u0163ii<\/td><td>71<\/td><td>68<\/td><td>65<\/td><td>62<\/td><\/tr><tr><td>2.<\/td><td>Arabil<\/td><td>120<\/td><td>114<\/td><td>109<\/td><td>104<\/td><\/tr><tr><td>3.<\/td><td>P\u0103\u015fune<\/td><td>64<\/td><td>62<\/td><td>59<\/td><td>56<\/td><\/tr><tr><td>4.<\/td><td>F\u00e2nea\u0163\u0103<\/td><td>64<\/td><td>62<\/td><td>59<\/td><td>56<\/td><\/tr><tr><td>5.<\/td><td>Vie<\/td><td>133<\/td><td>128<\/td><td>122<\/td><td>116<\/td><\/tr><tr><td>6.<\/td><td>Livada<\/td><td>174<\/td><td>128<\/td><td>122<\/td><td>116<\/td><\/tr><tr><td>7.<\/td><td>P\u0103dure sau alt teren cu vegeta\u0163ie forestier\u0103<\/td><td>35<\/td><td>33<\/td><td>32<\/td><td>30<\/td><\/tr><tr><td>8.<\/td><td>Teren cu amenaj\u0103ri piscicole<\/td><td>16<\/td><td>11<\/td><td>11<\/td><td>10<\/td><\/tr><tr><td>9.<\/td><td>Teren cu piscicultur\u0103<\/td><td>76<\/td><td>73<\/td><td>69<\/td><td>66<\/td><\/tr><\/tbody><\/table><\/figure>\n\n\n\n<h4 class=\"wp-block-heading\">Impozit pe mijloace de transport<\/h4>\n\n\n\n<figure class=\"wp-block-table\"><table><tbody><tr><td><strong>Mijloace<\/strong>&nbsp;<strong>de transport cu trac\u0163iune mecanic\u0103<\/strong><\/td><td><strong>&#8211; lei\/200 cm<\/strong><strong>3<\/strong> <strong>sau<\/strong>\u00a0<strong>frac\u0163iune<\/strong>\u00a0<strong>din<\/strong>\u00a0<strong>aceasta<\/strong><\/td><\/tr><tr><td colspan=\"2\"><strong>I.<\/strong>&nbsp;<strong>V<\/strong><strong>e<\/strong><strong>h<\/strong><strong>ic<\/strong><strong>u<\/strong><strong>le<\/strong>&nbsp;<strong>\u00eenmatriculate<\/strong><\/td><\/tr><tr><td>Motociclete,&nbsp;&nbsp;&nbsp;&nbsp;&nbsp;&nbsp;&nbsp;&nbsp; tricicliuri,&nbsp;&nbsp;&nbsp;&nbsp;&nbsp;&nbsp;&nbsp; cvadricicluri&nbsp;&nbsp;&nbsp;&nbsp;&nbsp;&nbsp;&nbsp;&nbsp; \u015fi&nbsp;&nbsp;&nbsp; autoturisme&nbsp;&nbsp;&nbsp;&nbsp;&nbsp;&nbsp;&nbsp;&nbsp; cu&nbsp;&nbsp;&nbsp; capacitatea cilindric\u0103 de p\u00e2n\u0103 la 1600 cm3 , inclusiv<\/td><td><strong>9<\/strong><\/td><\/tr><tr><td>Motociclete, tricicliuri \u0219i cvadricicluri cu capacitatea cilindric\u0103 de &nbsp;peste 1600 cm3<\/td><td><strong>10<\/strong><\/td><\/tr><tr><td>Autoturisme cu capacitatea cilindric\u00e3 \u00eentre 1601 cm3 \u015fi 2000 cm3, inclusiv<\/td><td><strong>23<\/strong><\/td><\/tr><tr><td>Autoturisme cu capacitatea cilindric\u00e3 \u00eentre 2001 cm3 \u015fi 2600 cm3, inclusiv<\/td><td><strong>91<\/strong><\/td><\/tr><tr><td>Autoturisme cu capacitatea cilindric\u00e3 \u00eentre 2601 cm3 \u015fi 3000 cm3, inclusiv<\/td><td><strong>183<\/strong><\/td><\/tr><tr><td>Autoturisme cu capacitatea cilindric\u00e3 de peste 3.001 cm3<\/td><td><strong>367<\/strong><\/td><\/tr><tr><td>Autobuze, autocare, microbuze<\/td><td><strong>30<\/strong><\/td><\/tr><tr><td>Alte autovehicule cu trac\u0163iune mecanic\u0103 cu masa total\u0103 maxim\u0103 autorizat\u00e3 de p\u00e2n\u0103 la 12 tone inclusiv.<\/td><td><strong>38<\/strong><\/td><\/tr><tr><td>Tractoare \u00eenmatriculate<\/td><td><strong>23<\/strong><\/td><\/tr><tr><td>Vehicule f\u0103r\u0103 capacitatea cilindric\u0103 eviden\u0163iat\u0103<\/td><td><strong>63 lei\/an<\/strong><\/td><\/tr><\/tbody><\/table><\/figure>\n\n\n\n<h4 class=\"wp-block-heading has-text-align-center\">Documente de desc\u0103rcat:<\/h4>\n\n\n\n<p class=\"has-text-align-center\"><a href=\"http:\/\/www.primariavlahita.ro\/dok\/HCL\/2020\/hcl-102-2020.pdf\" target=\"_blank\" rel=\"noreferrer noopener\">Taxe \u015fi impozite &#8211; 2021<\/a><\/p>\n\n\n\n<p class=\"has-text-align-center\"><a href=\"https:\/\/www.primariavlahita.ro\/dok\/ado2021_anexa.zip\" target=\"_blank\" rel=\"noreferrer noopener\">Taxe \u015fi impozite &#8211; Anexe<\/a><\/p>\n","protected":false},"excerpt":{"rendered":"<p>TAXE \u015eI IMPOZITE 2021 Taxele \u015fi impozitele locale pentru anul 2021 au fost aprobate prin Hot\u0103r\u00e2rea Consiliului Local 102\/2020 sunt urm\u0103toarele: Termene de plat\u0103:&#8211; pentru semestrul<span class=\"excerpt-hellip\"> [\u2026]<\/span><\/p>\n","protected":false},"author":1,"featured_media":0,"parent":996,"menu_order":0,"comment_status":"closed","ping_status":"closed","template":"","meta":{"footnotes":""},"class_list":["post-1015","page","type-page","status-publish","hentry"],"_links":{"self":[{"href":"https:\/\/www.primariavlahita.ro\/ro\/wp-json\/wp\/v2\/pages\/1015","targetHints":{"allow":["GET"]}}],"collection":[{"href":"https:\/\/www.primariavlahita.ro\/ro\/wp-json\/wp\/v2\/pages"}],"about":[{"href":"https:\/\/www.primariavlahita.ro\/ro\/wp-json\/wp\/v2\/types\/page"}],"author":[{"embeddable":true,"href":"https:\/\/www.primariavlahita.ro\/ro\/wp-json\/wp\/v2\/users\/1"}],"replies":[{"embeddable":true,"href":"https:\/\/www.primariavlahita.ro\/ro\/wp-json\/wp\/v2\/comments?post=1015"}],"version-history":[{"count":2,"href":"https:\/\/www.primariavlahita.ro\/ro\/wp-json\/wp\/v2\/pages\/1015\/revisions"}],"predecessor-version":[{"id":1422,"href":"https:\/\/www.primariavlahita.ro\/ro\/wp-json\/wp\/v2\/pages\/1015\/revisions\/1422"}],"up":[{"embeddable":true,"href":"https:\/\/www.primariavlahita.ro\/ro\/wp-json\/wp\/v2\/pages\/996"}],"wp:attachment":[{"href":"https:\/\/www.primariavlahita.ro\/ro\/wp-json\/wp\/v2\/media?parent=1015"}],"curies":[{"name":"wp","href":"https:\/\/api.w.org\/{rel}","templated":true}]}}