{"id":1025,"date":"2023-11-09T17:47:30","date_gmt":"2023-11-09T15:47:30","guid":{"rendered":"https:\/\/www.primariavlahita.ro\/informatii-publice\/varosgazdalkodasi-szabalyzat\/"},"modified":"2024-04-25T13:06:23","modified_gmt":"2024-04-25T10:06:23","slug":"regulamentului-privind-gospodarirea-orasului-vlahita","status":"publish","type":"page","link":"https:\/\/www.primariavlahita.ro\/ro\/informatii-publice\/regulamentului-privind-gospodarirea-orasului-vlahita\/","title":{"rendered":"Regulamentului privind gospod\u0103rirea ora\u015fului Vl\u0103hi\u0163a"},"content":{"rendered":"","protected":false},"excerpt":{"rendered":"","protected":false},"author":1,"featured_media":0,"parent":996,"menu_order":0,"comment_status":"closed","ping_status":"closed","template":"","meta":{"footnotes":""},"class_list":["post-1025","page","type-page","status-publish","hentry"],"_links":{"self":[{"href":"https:\/\/www.primariavlahita.ro\/ro\/wp-json\/wp\/v2\/pages\/1025","targetHints":{"allow":["GET"]}}],"collection":[{"href":"https:\/\/www.primariavlahita.ro\/ro\/wp-json\/wp\/v2\/pages"}],"about":[{"href":"https:\/\/www.primariavlahita.ro\/ro\/wp-json\/wp\/v2\/types\/page"}],"author":[{"embeddable":true,"href":"https:\/\/www.primariavlahita.ro\/ro\/wp-json\/wp\/v2\/users\/1"}],"replies":[{"embeddable":true,"href":"https:\/\/www.primariavlahita.ro\/ro\/wp-json\/wp\/v2\/comments?post=1025"}],"version-history":[{"count":1,"href":"https:\/\/www.primariavlahita.ro\/ro\/wp-json\/wp\/v2\/pages\/1025\/revisions"}],"predecessor-version":[{"id":1043,"href":"https:\/\/www.primariavlahita.ro\/ro\/wp-json\/wp\/v2\/pages\/1025\/revisions\/1043"}],"up":[{"embeddable":true,"href":"https:\/\/www.primariavlahita.ro\/ro\/wp-json\/wp\/v2\/pages\/996"}],"wp:attachment":[{"href":"https:\/\/www.primariavlahita.ro\/ro\/wp-json\/wp\/v2\/media?parent=1025"}],"curies":[{"name":"wp","href":"https:\/\/api.w.org\/{rel}","templated":true}]}}