{"id":1054,"date":"2023-10-30T13:26:48","date_gmt":"2023-10-30T11:26:48","guid":{"rendered":"https:\/\/www.primariavlahita.ro\/hogyan-lehet-hasznalni-a-ghiseul-ro-feluletet\/"},"modified":"2024-04-21T11:42:30","modified_gmt":"2024-04-21T08:42:30","slug":"cum-se-poate-utiliza-platforma-ghiseul-ro","status":"publish","type":"page","link":"https:\/\/www.primariavlahita.ro\/ro\/cum-se-poate-utiliza-platforma-ghiseul-ro\/","title":{"rendered":"Cum se poate utiliza platforma Ghi\u015feul.ro?"},"content":{"rendered":"\n<h3 class=\"wp-block-heading\"><strong><em>Ce este <u>Ghi\u015feul.ro?<\/u><\/em><\/strong><\/h3>\n\n<p>Platform\u0103 online unde pot fi pl\u0103tite impozite locale, taxe, salarii \u0219i amenzi folosind codul numeric personal (CNP) <strong> pentru persoane fizice, PFA-uri, respectiv II-uri <\/strong>, f\u0103r\u0103 leg\u0103tur\u0103 cu loca\u021bia sau ora\u0219ul.<\/p>\n\n<p>Persoanele juridice pot continua s\u0103 pl\u0103teasc\u0103 prin internet banking, prin transfer bancar. (Notific\u0103rile privind taxele \u0219i impozitele de anul acesta au fost trimise prin po\u0219t\u0103, dar pot fi solicitate \u00een continuare prin telefon sau e-mail.)<\/p>\n\n<h3 class=\"wp-block-heading\"><strong><em>Care sunt condi\u021biile necesare pentru utilizarea <u>Ghi\u015feul.ro<\/u>?<\/em><\/strong><\/h3>\n\n<p>* un cont bancar activ + un card bancar (bine\u00een\u021beles, trebuie s\u0103 fie bani \u00een cont);<\/p>\n\n<p>* acces la internet + un dispozitiv cu care acesta poate fi utilizat (calculator, smartphone);<\/p>\n\n<h3 class=\"wp-block-heading\"><strong><em>Cum se poate utiliza platforma <u>Ghi\u015feul.ro<\/u>?<\/em><\/strong><\/h3>\n\n<p>Trei op\u021biuni sunt posibile pentru asta:<\/p>\n\n<ol class=\"wp-block-list\">\n<li><strong>Pentru solicitarea unui cont de utilizator, este necesar codul numeric personal (CNP)<\/strong><\/li>\n<\/ol>\n\n<p><strong>Avantajele:<\/strong><\/p>\n\n<p>* \u00een baza de date va fi afi\u0219at\u0103 exact, separat pe tipuri de taxe, suma de plat\u0103, cu reduceri, termene limit\u0103 \u0219i toate informa\u021biile necesare. (Plata acestora va fi ca \u0219i cump\u0103r\u0103turile online cu cardul bancar);<\/p>\n\n<p>* o dat\u0103 ce ne-am \u00eenregistrat, avem acces la platform\u0103 pentru pl\u0103\u021bi \u00een fiecare an;<\/p>\n\n<p>* toate pl\u0103\u021bile stabilite de institu\u021bii vor fi vizibile (restan\u021be financiare, taxe \u0219i impozite locale, salarii, amenzi, etc.).<\/p>\n\n<ol class=\"wp-block-list\" start=\"2\">\n<li><strong>Plata amenzilor f\u0103r\u0103 autentificare<\/strong><\/li>\n<\/ol>\n\n<p><strong>Avantajul:<\/strong><\/p>\n\n<p>* amenzile pot fi pl\u0103tite rapid f\u0103r\u0103 a fi nevoie de un cont de utilizator, at\u00e2ta timp c\u00e2t toate informa\u021biile necesare sunt la \u00eendem\u00e2n\u0103 (proces-verbal, date personale).<\/p>\n\n<p><strong>Dezavantajul:<\/strong><\/p>\n\n<p>* se poate pl\u0103ti doar sanc\u021biunea curent\u0103, nu poate fi folosit pentru alte pl\u0103\u021bi.<\/p>\n\n<ol class=\"wp-block-list\" start=\"3\">\n<li><strong>Plata impozitelor f\u0103r\u0103 \u00eenregistrare<\/strong><\/li>\n<\/ol>\n\n<p><strong>Avantajul:<\/strong><\/p>\n\n<p>* se poate pl\u0103ti rapid impozitul, f\u0103r\u0103 a fi nevoie de un cont de utilizator;<\/p>\n\n<p>* putem pl\u0103ti \u00een acela\u0219i mod \u0219i altor persoane care nu au un cont bancar func\u021bional, dac\u0103 ne pun la dispozi\u021bie codul personal \u0219i toate informa\u021biile necesare pentru acest lucru.<\/p>\n\n<p><strong>Dezavantajul:<\/strong><\/p>\n\n<p>* se poate utiliza doar \u00een cazul \u00een care \u0219tim exact care sunt sumele de plat\u0103 pentru fiecare tip de tax\u0103 (\u00eenainte de efectuarea pl\u0103\u021bii, trebuie s\u0103 cerem telefonic sau prin email de la prim\u0103rie informa\u021biile necesare cu privire la sumele de plat\u0103);<\/p>\n\n<p>* fiecare pas trebuie parcurs din nou \u0219i din nou pentru fiecare tip de impozit (de exemplu, dac\u0103 trebuie pl\u0103tite trei tipuri de taxe, fiecare pas trebuie parcurs de trei ori).<\/p>\n\n<p>Termenul pentru plata cu reducere a taxelor \u0219i impozitelor locale pentru anul curent 2020 a fost prelungit de la 31 martie la 30 iunie.\n\n\n\n\n\n<\/p>\n\n<p>Videouri de instruire pentru plat\u0103:<\/p>\n\n<p>Ghid de \u00eenregistrare:\u00a0<a href=\"https:\/\/www.youtube.com\/watch?v=euD9SNdVGlk\">https:\/\/www.youtube.com\/watch?v=euD9SNdVGlk<\/a><\/p>\n\n<p>Plata amenzilor de circula\u021bie:\u00a0<a href=\"https:\/\/www.youtube.com\/watch?v=sVQpO-EFfDM\">https:\/\/www.youtube.com\/watch?v=sVQpO-EFfDM<\/a><\/p>\n\n<p>Dac\u0103 ave\u021bi \u00eentreb\u0103ri suplimentare, v\u0103 rug\u0103m s\u0103 contacta\u021bi cu \u00eencredere Prim\u0103ria la urm\u0103toarele numere de telefon \u00eentre orele 7:30 \u0219i 15:30:<\/p>\n\n<p>Administra\u021bia Fiscal\u0103<\/p>\n\n<p><a href=\"mailto:impozit@primariavlahita.ro\">impozit@primariavlahita.ro<\/a><\/p>\n\n<p><a href=\"tel:+40742881433\">+40 742 881 433<\/a><\/p>\n","protected":false},"excerpt":{"rendered":"<p>Ce este Ghi\u015feul.ro? Platform\u0103 online unde pot fi pl\u0103tite impozite locale, taxe, salarii \u0219i amenzi folosind codul numeric personal (CNP) pentru persoane fizice, PFA-uri, respectiv II-uri<span class=\"excerpt-hellip\"> [\u2026]<\/span><\/p>\n","protected":false},"author":1,"featured_media":0,"parent":0,"menu_order":0,"comment_status":"closed","ping_status":"closed","template":"","meta":{"footnotes":""},"class_list":["post-1054","page","type-page","status-publish","hentry"],"_links":{"self":[{"href":"https:\/\/www.primariavlahita.ro\/ro\/wp-json\/wp\/v2\/pages\/1054","targetHints":{"allow":["GET"]}}],"collection":[{"href":"https:\/\/www.primariavlahita.ro\/ro\/wp-json\/wp\/v2\/pages"}],"about":[{"href":"https:\/\/www.primariavlahita.ro\/ro\/wp-json\/wp\/v2\/types\/page"}],"author":[{"embeddable":true,"href":"https:\/\/www.primariavlahita.ro\/ro\/wp-json\/wp\/v2\/users\/1"}],"replies":[{"embeddable":true,"href":"https:\/\/www.primariavlahita.ro\/ro\/wp-json\/wp\/v2\/comments?post=1054"}],"version-history":[{"count":31,"href":"https:\/\/www.primariavlahita.ro\/ro\/wp-json\/wp\/v2\/pages\/1054\/revisions"}],"predecessor-version":[{"id":1282,"href":"https:\/\/www.primariavlahita.ro\/ro\/wp-json\/wp\/v2\/pages\/1054\/revisions\/1282"}],"wp:attachment":[{"href":"https:\/\/www.primariavlahita.ro\/ro\/wp-json\/wp\/v2\/media?parent=1054"}],"curies":[{"name":"wp","href":"https:\/\/api.w.org\/{rel}","templated":true}]}}