{"id":1057,"date":"2023-10-30T13:30:39","date_gmt":"2023-10-30T11:30:39","guid":{"rendered":"https:\/\/www.primariavlahita.ro\/serult-szemelyek-figyelmebe\/"},"modified":"2024-04-21T11:26:01","modified_gmt":"2024-04-21T08:26:01","slug":"in-atentia-persoanelor-detinatoare-de-certificat-de-incadrare-in-grad-de-handicap","status":"publish","type":"page","link":"https:\/\/www.primariavlahita.ro\/ro\/in-atentia-persoanelor-detinatoare-de-certificat-de-incadrare-in-grad-de-handicap\/","title":{"rendered":"\u00cen aten\u0163ia persoanelor de\u0163in\u0103toare de certificat de \u00eencadrare \u00een grad de handicap!"},"content":{"rendered":"\n<div class=\"wp-block-media-text is-stacked-on-mobile\"><figure class=\"wp-block-media-text__media\"><img loading=\"lazy\" decoding=\"async\" width=\"474\" height=\"474\" src=\"https:\/\/uj.primariavlahita.ro\/wp-content\/uploads\/2023\/10\/serult.jpg\" alt=\"\" class=\"wp-image-415 size-full\" srcset=\"https:\/\/www.primariavlahita.ro\/wp-content\/uploads\/2023\/10\/serult.jpg 474w, https:\/\/www.primariavlahita.ro\/wp-content\/uploads\/2023\/10\/serult-300x300.jpg 300w, https:\/\/www.primariavlahita.ro\/wp-content\/uploads\/2023\/10\/serult-150x150.jpg 150w, https:\/\/www.primariavlahita.ro\/wp-content\/uploads\/2023\/10\/serult-75x75.jpg 75w\" sizes=\"auto, (max-width:767px) 474px, 474px\" \/><\/figure><div class=\"wp-block-media-text__content\">\n<p>\u00cen baza articolului 65 al Legii nr. 448\/2006 privind protec\u021bia \u0219i promovarea drepturilor persoanelor cu dizabilit\u0103\u021bi, se poate solicita cardul de parcare gratuit. Din iunie 2020, cardurile de parcare sunt emise de birourile de asisten\u021b\u0103 social\u0103 ale prim\u0103riilor locale. Persoanele c\u0103rora \u00een 2019 le-a fost emis cardul de parcare de c\u0103tre Direc\u021bia General\u0103 de Asisten\u021b\u0103 Social\u0103 Harghita \u0219i c\u0103rora cardul le-a expirat \u00een timpul st\u0103rii de urgen\u021b\u0103, au posibilitatea de a solicita un nou card &#8211; de asemenea la prim\u0103ria local\u0103 &#8211; cu condi\u021bia s\u0103 de\u021bin\u0103 un certificat valid care s\u0103 ateste dizabilitatea.<\/p>\n\n\n\n<p>Pentru a solicita noile carduri de parcare, trebuie s\u0103 completa\u021bi un formular tip \u0219i s\u0103 ata\u0219a\u021bi copii ale c\u0103r\u021bii de identitate, ale certificatului care atest\u0103 handicapul \u0219i o fotografie de tip buletin.<\/p>\n\n\n\n<p><strong><a href=\"https:\/\/www.szentegyhazavaros.ro\/dok\/cerere_card_legitimatie_parcare.doc\">&#8211; CERERE TIP &#8211;<\/a><\/strong><\/p>\n<\/div><\/div>\n","protected":false},"excerpt":{"rendered":"<p>\u00cen baza articolului 65 al Legii nr. 448\/2006 privind protec\u021bia \u0219i promovarea drepturilor persoanelor cu dizabilit\u0103\u021bi, se poate solicita cardul de parcare gratuit. Din iunie 2020,<span class=\"excerpt-hellip\"> [\u2026]<\/span><\/p>\n","protected":false},"author":1,"featured_media":0,"parent":0,"menu_order":0,"comment_status":"closed","ping_status":"closed","template":"","meta":{"footnotes":""},"class_list":["post-1057","page","type-page","status-publish","hentry"],"_links":{"self":[{"href":"https:\/\/www.primariavlahita.ro\/ro\/wp-json\/wp\/v2\/pages\/1057","targetHints":{"allow":["GET"]}}],"collection":[{"href":"https:\/\/www.primariavlahita.ro\/ro\/wp-json\/wp\/v2\/pages"}],"about":[{"href":"https:\/\/www.primariavlahita.ro\/ro\/wp-json\/wp\/v2\/types\/page"}],"author":[{"embeddable":true,"href":"https:\/\/www.primariavlahita.ro\/ro\/wp-json\/wp\/v2\/users\/1"}],"replies":[{"embeddable":true,"href":"https:\/\/www.primariavlahita.ro\/ro\/wp-json\/wp\/v2\/comments?post=1057"}],"version-history":[{"count":4,"href":"https:\/\/www.primariavlahita.ro\/ro\/wp-json\/wp\/v2\/pages\/1057\/revisions"}],"predecessor-version":[{"id":1253,"href":"https:\/\/www.primariavlahita.ro\/ro\/wp-json\/wp\/v2\/pages\/1057\/revisions\/1253"}],"wp:attachment":[{"href":"https:\/\/www.primariavlahita.ro\/ro\/wp-json\/wp\/v2\/media?parent=1057"}],"curies":[{"name":"wp","href":"https:\/\/api.w.org\/{rel}","templated":true}]}}